{"id":224,"date":"2024-03-27T06:07:54","date_gmt":"2024-03-27T06:07:54","guid":{"rendered":"https:\/\/www.gencoglugrup.com\/?page_id=224"},"modified":"2024-03-27T06:23:00","modified_gmt":"2024-03-27T06:23:00","slug":"jewellery","status":"publish","type":"page","link":"https:\/\/www.gencoglugrup.com\/tr\/jewellery\/","title":{"rendered":"M\u00fccevherat"},"content":{"rendered":"<div data-elementor-type=\"wp-page\" data-elementor-id=\"224\" class=\"elementor elementor-224\">\n\t\t\t\t\t\t<section class=\"elementor-section elementor-top-section elementor-element elementor-element-3731dc95 elementor-section-boxed elementor-section-height-default elementor-section-height-default\" data-id=\"3731dc95\" data-element_type=\"section\" data-settings=\"{&quot;background_background&quot;:&quot;classic&quot;}\">\n\t\t\t\t\t\t<div class=\"elementor-container elementor-column-gap-default\">\n\t\t\t\t\t<div class=\"elementor-column elementor-col-100 elementor-top-column elementor-element elementor-element-d705b8f\" data-id=\"d705b8f\" data-element_type=\"column\">\n\t\t\t<div class=\"elementor-widget-wrap elementor-element-populated\">\n\t\t\t\t\t\t<div class=\"elementor-element elementor-element-662fe9b1 elementor-widget elementor-widget-menu-anchor\" data-id=\"662fe9b1\" data-element_type=\"widget\" data-widget_type=\"menu-anchor.default\">\n\t\t\t\t<div class=\"elementor-widget-container\">\n\t\t\t<style>\/*! elementor - v3.20.0 - 26-03-2024 *\/\nbody.elementor-page .elementor-widget-menu-anchor{margin-bottom:0}<\/style>\t\t<div id=\"edel-top\" class=\"elementor-menu-anchor\"><\/div>\n\t\t\t\t<\/div>\n\t\t\t\t<\/div>\n\t\t\t\t\t<\/div>\n\t\t<\/div>\n\t\t\t\t\t<\/div>\n\t\t<\/section>\n\t\t\t\t<section class=\"elementor-section elementor-top-section elementor-element elementor-element-64c164d0 elementor-section-content-middle elementor-section-boxed elementor-section-height-default elementor-section-height-default\" data-id=\"64c164d0\" data-element_type=\"section\" data-settings=\"{&quot;background_background&quot;:&quot;classic&quot;}\">\n\t\t\t\t\t\t<div class=\"elementor-container elementor-column-gap-default\">\n\t\t\t\t\t<div class=\"elementor-column elementor-col-33 elementor-top-column elementor-element elementor-element-8204df6\" data-id=\"8204df6\" data-element_type=\"column\">\n\t\t\t<div class=\"elementor-widget-wrap elementor-element-populated\">\n\t\t\t\t\t\t<div class=\"elementor-element elementor-element-36854d64 elementor-widget elementor-widget-image\" data-id=\"36854d64\" data-element_type=\"widget\" data-widget_type=\"image.default\">\n\t\t\t\t<div class=\"elementor-widget-container\">\n\t\t\t<style>\/*! elementor - v3.20.0 - 26-03-2024 *\/\n.elementor-widget-image{text-align:center}.elementor-widget-image a{display:inline-block}.elementor-widget-image a img[src$=\".svg\"]{width:48px}.elementor-widget-image img{vertical-align:middle;display:inline-block}<\/style>\t\t\t\t\t\t\t\t\t\t<img fetchpriority=\"high\" decoding=\"async\" width=\"558\" height=\"223\" src=\"https:\/\/www.gencoglugrup.com\/wp-content\/uploads\/2024\/03\/logoyeni2.png\" class=\"attachment-full size-full wp-image-136\" alt=\"\" srcset=\"https:\/\/www.gencoglugrup.com\/wp-content\/uploads\/2024\/03\/logoyeni2.png 558w, https:\/\/www.gencoglugrup.com\/wp-content\/uploads\/2024\/03\/logoyeni2-300x120.png 300w\" sizes=\"(max-width: 558px) 100vw, 558px\" \/>\t\t\t\t\t\t\t\t\t\t\t\t\t<\/div>\n\t\t\t\t<\/div>\n\t\t\t\t\t<\/div>\n\t\t<\/div>\n\t\t\t\t<div class=\"elementor-column elementor-col-33 elementor-top-column elementor-element elementor-element-7e71f17e\" data-id=\"7e71f17e\" data-element_type=\"column\">\n\t\t\t<div class=\"elementor-widget-wrap elementor-element-populated\">\n\t\t\t\t\t\t<div class=\"elementor-element elementor-element-767f527 elementor-widget elementor-widget-ekit-nav-menu\" data-id=\"767f527\" data-element_type=\"widget\" data-widget_type=\"ekit-nav-menu.default\">\n\t\t\t\t<div class=\"elementor-widget-container\">\n\t\t\t<div class=\"ekit-wid-con ekit_menu_responsive_tablet\" data-hamburger-icon=\"\" data-hamburger-icon-type=\"icon\" data-responsive-breakpoint=\"1024\">            <button class=\"elementskit-menu-hamburger elementskit-menu-toggler\"  type=\"button\" aria-label=\"hamburger-ikonu\">\n                                    <span class=\"elementskit-menu-hamburger-icon\"><\/span><span class=\"elementskit-menu-hamburger-icon\"><\/span><span class=\"elementskit-menu-hamburger-icon\"><\/span>\n                            <\/button>\n            <div id=\"ekit-megamenu-main-menu\" class=\"elementskit-menu-container elementskit-menu-offcanvas-elements elementskit-navbar-nav-default ekit-nav-menu-one-page-no ekit-nav-dropdown-hover\"><ul id=\"menu-main-menu\" class=\"elementskit-navbar-nav elementskit-menu-po-center submenu-click-on-icon\"><li id=\"menu-item-156\" class=\"menu-item menu-item-type-post_type menu-item-object-page menu-item-156 nav-item elementskit-mobile-builder-content\" data-vertical-menu=\"750px\"><a href=\"https:\/\/www.gencoglugrup.com\/tr\/home\/\" class=\"ekit-menu-nav-link\">Ev<\/a><\/li>\n<li id=\"menu-item-261\" class=\"menu-item menu-item-type-post_type menu-item-object-page menu-item-261 nav-item elementskit-mobile-builder-content\" data-vertical-menu=\"750px\"><a href=\"https:\/\/www.gencoglugrup.com\/tr\/about\/\" class=\"ekit-menu-nav-link\">Hakk\u0131nda<\/a><\/li>\n<li id=\"menu-item-264\" class=\"menu-item menu-item-type-post_type menu-item-object-page menu-item-264 nav-item elementskit-mobile-builder-content\" data-vertical-menu=\"750px\"><a href=\"https:\/\/www.gencoglugrup.com\/tr\/sustainability\/\" class=\"ekit-menu-nav-link\">S\u00fcrd\u00fcr\u00fclebilirlik<\/a><\/li>\n<li id=\"menu-item-263\" class=\"menu-item menu-item-type-post_type menu-item-object-page menu-item-263 nav-item elementskit-mobile-builder-content\" data-vertical-menu=\"750px\"><a href=\"https:\/\/www.gencoglugrup.com\/tr\/fields-of-business\/\" class=\"ekit-menu-nav-link\">Faaliyet Alanlar\u0131<\/a><\/li>\n<li id=\"menu-item-262\" class=\"menu-item menu-item-type-post_type menu-item-object-page menu-item-262 nav-item elementskit-mobile-builder-content\" data-vertical-menu=\"750px\"><a href=\"https:\/\/www.gencoglugrup.com\/tr\/contact\/\" class=\"ekit-menu-nav-link\">\u0130leti\u015fim<\/a><\/li>\n<\/ul><div class=\"elementskit-nav-identity-panel\">\n\t\t\t\t<div class=\"elementskit-site-title\">\n\t\t\t\t\t<a class=\"elementskit-nav-logo\" href=\"https:\/\/www.gencoglugrup.com\/tr\" target=\"_self\" rel=\"\">\n\t\t\t\t\t\t<img decoding=\"async\" src=\"\" title=\"\" alt=\"\" \/>\n\t\t\t\t\t<\/a> \n\t\t\t\t<\/div><button class=\"elementskit-menu-close elementskit-menu-toggler\" type=\"button\">X<\/button><\/div><\/div>\t\t\t\n\t\t\t<div class=\"elementskit-menu-overlay elementskit-menu-offcanvas-elements elementskit-menu-toggler ekit-nav-menu--overlay\"><\/div><\/div>\t\t<\/div>\n\t\t\t\t<\/div>\n\t\t\t\t\t<\/div>\n\t\t<\/div>\n\t\t\t\t<div class=\"elementor-column elementor-col-33 elementor-top-column elementor-element elementor-element-1da40415 elementor-hidden-phone\" data-id=\"1da40415\" data-element_type=\"column\">\n\t\t\t<div class=\"elementor-widget-wrap\">\n\t\t\t\t\t\t\t<\/div>\n\t\t<\/div>\n\t\t\t\t\t<\/div>\n\t\t<\/section>\n\t\t\t\t<section class=\"elementor-section elementor-top-section elementor-element elementor-element-4af961bb elementor-section-boxed elementor-section-height-default elementor-section-height-default\" data-id=\"4af961bb\" data-element_type=\"section\" data-settings=\"{&quot;background_background&quot;:&quot;classic&quot;}\">\n\t\t\t\t\t\t<div class=\"elementor-container elementor-column-gap-default\">\n\t\t\t\t\t<div class=\"elementor-column elementor-col-100 elementor-top-column elementor-element elementor-element-16018fcc\" data-id=\"16018fcc\" data-element_type=\"column\">\n\t\t\t<div class=\"elementor-widget-wrap elementor-element-populated\">\n\t\t\t\t\t\t<div class=\"elementor-element elementor-element-726b163f elementor-view-default elementor-widget elementor-widget-icon\" data-id=\"726b163f\" data-element_type=\"widget\" data-widget_type=\"icon.default\">\n\t\t\t\t<div class=\"elementor-widget-container\">\n\t\t\t\t\t<div class=\"elementor-icon-wrapper\">\n\t\t\t<div class=\"elementor-icon\">\n\t\t\t<svg aria-hidden=\"true\" class=\"e-font-icon-svg e-fab-gg\" viewbox=\"0 0 512 512\" xmlns=\"http:\/\/www.w3.org\/2000\/svg\"><path d=\"M179.2 230.4l102.4 102.4-102.4 102.4L0 256 179.2 76.8l44.8 44.8-25.6 25.6-19.2-19.2-128 128 128 128 51.5-51.5-77.1-76.5 25.6-25.6zM332.8 76.8L230.4 179.2l102.4 102.4 25.6-25.6-77.1-76.5 51.5-51.5 128 128-128 128-19.2-19.2-25.6 25.6 44.8 44.8L512 256 332.8 76.8z\"><\/path><\/svg>\t\t\t<\/div>\n\t\t<\/div>\n\t\t\t\t<\/div>\n\t\t\t\t<\/div>\n\t\t\t\t<div class=\"elementor-element elementor-element-38cc66b9 elementor-widget elementor-widget-heading\" data-id=\"38cc66b9\" data-element_type=\"widget\" data-widget_type=\"heading.default\">\n\t\t\t\t<div class=\"elementor-widget-container\">\n\t\t\t<style>\/*! elementor - v3.20.0 - 26-03-2024 *\/\n.elementor-heading-title{padding:0;margin:0;line-height:1}.elementor-widget-heading .elementor-heading-title[class*=elementor-size-]>a{color:inherit;font-size:inherit;line-height:inherit}.elementor-widget-heading .elementor-heading-title.elementor-size-small{font-size:15px}.elementor-widget-heading .elementor-heading-title.elementor-size-medium{font-size:19px}.elementor-widget-heading .elementor-heading-title.elementor-size-large{font-size:29px}.elementor-widget-heading .elementor-heading-title.elementor-size-xl{font-size:39px}.elementor-widget-heading .elementor-heading-title.elementor-size-xxl{font-size:59px}<\/style><h1 class=\"elementor-heading-title elementor-size-default\">M\u00fccevherat\n<\/h1>\t\t<\/div>\n\t\t\t\t<\/div>\n\t\t\t\t<div class=\"elementor-element elementor-element-79fadb26 elementor-icon-list--layout-inline elementor-align-center elementor-list-item-link-full_width elementor-widget elementor-widget-icon-list\" data-id=\"79fadb26\" data-element_type=\"widget\" data-widget_type=\"icon-list.default\">\n\t\t\t\t<div class=\"elementor-widget-container\">\n\t\t\t<link rel=\"stylesheet\" href=\"https:\/\/www.gencoglugrup.com\/wp-content\/plugins\/elementor\/assets\/css\/widget-icon-list.min.css\">\t\t<ul class=\"elementor-icon-list-items elementor-inline-items\">\n\t\t\t\t\t\t\t<li class=\"elementor-icon-list-item elementor-inline-item\">\n\t\t\t\t\t\t\t\t\t\t<span class=\"elementor-icon-list-text\">Ev<\/span>\n\t\t\t\t\t\t\t\t\t<\/li>\n\t\t\t\t\t\t\t\t<li class=\"elementor-icon-list-item elementor-inline-item\">\n\t\t\t\t\t\t\t\t\t\t\t<span class=\"elementor-icon-list-icon\">\n\t\t\t\t\t\t\t<i aria-hidden=\"true\" class=\"icon icon-right-arrow2\"><\/i>\t\t\t\t\t\t<\/span>\n\t\t\t\t\t\t\t\t\t\t<span class=\"elementor-icon-list-text\">M\u00fccevherat<\/span>\n\t\t\t\t\t\t\t\t\t<\/li>\n\t\t\t\t\t\t<\/ul>\n\t\t\t\t<\/div>\n\t\t\t\t<\/div>\n\t\t\t\t\t<\/div>\n\t\t<\/div>\n\t\t\t\t\t<\/div>\n\t\t<\/section>\n\t\t\t\t<section class=\"elementor-section elementor-top-section elementor-element elementor-element-2f049836 elementor-reverse-tablet elementor-section-boxed elementor-section-height-default elementor-section-height-default\" data-id=\"2f049836\" data-element_type=\"section\">\n\t\t\t\t\t\t<div class=\"elementor-container elementor-column-gap-default\">\n\t\t\t\t\t<div class=\"elementor-column elementor-col-50 elementor-top-column elementor-element elementor-element-59e9f580\" data-id=\"59e9f580\" data-element_type=\"column\">\n\t\t\t<div class=\"elementor-widget-wrap elementor-element-populated\">\n\t\t\t\t\t\t<div class=\"elementor-element elementor-element-4720d7d3 elementor-widget elementor-widget-heading\" data-id=\"4720d7d3\" data-element_type=\"widget\" id=\"mioro\" data-widget_type=\"heading.default\">\n\t\t\t\t<div class=\"elementor-widget-container\">\n\t\t\t<h6 class=\"elementor-heading-title elementor-size-default\">M\u00fccevherat\n<\/h6>\t\t<\/div>\n\t\t\t\t<\/div>\n\t\t\t\t<div class=\"elementor-element elementor-element-6d66ab2a elementor-widget elementor-widget-heading\" data-id=\"6d66ab2a\" data-element_type=\"widget\" data-widget_type=\"heading.default\">\n\t\t\t\t<div class=\"elementor-widget-container\">\n\t\t\t<h2 class=\"elementor-heading-title elementor-size-default\">Mioro\n<\/h2>\t\t<\/div>\n\t\t\t\t<\/div>\n\t\t\t\t<div class=\"elementor-element elementor-element-6ead34d7 elementor-widget elementor-widget-text-editor\" data-id=\"6ead34d7\" data-element_type=\"widget\" data-widget_type=\"text-editor.default\">\n\t\t\t\t<div class=\"elementor-widget-container\">\n\t\t\t<style>\/*! elementor - v3.20.0 - 26-03-2024 *\/\n.elementor-widget-text-editor.elementor-drop-cap-view-stacked .elementor-drop-cap{background-color:#69727d;color:#fff}.elementor-widget-text-editor.elementor-drop-cap-view-framed .elementor-drop-cap{color:#69727d;border:3px solid;background-color:transparent}.elementor-widget-text-editor:not(.elementor-drop-cap-view-default) .elementor-drop-cap{margin-top:8px}.elementor-widget-text-editor:not(.elementor-drop-cap-view-default) .elementor-drop-cap-letter{width:1em;height:1em}.elementor-widget-text-editor .elementor-drop-cap{float:left;text-align:center;line-height:1;font-size:50px}.elementor-widget-text-editor .elementor-drop-cap-letter{display:inline-block}<\/style>\t\t\t\t<p>Mioro zarafet ve l\u00fcks\u00fcn sembol\u00fcd\u00fcr. Mioro, her ayr\u0131nt\u0131s\u0131 titizlikle i\u015flenmi\u015f m\u00fccevherleriyle benzersiz bir stil ve ihti\u015fam sunar. De\u011ferli ta\u015flar\u0131n ve en iyi metallerin ustal\u0131kla bir araya getirilmesi, Mioro m\u00fccevherlerinin her bir par\u00e7as\u0131nda g\u00f6z al\u0131c\u0131 bir g\u00f6r\u00fcn\u00fcm ve etkileyici bir zarafet yarat\u0131r. Mioro, stilinizi tamamlayacak ve her an\u0131n\u0131za de\u011fer katacak par\u00e7alar sunuyor.<\/p>\t\t\t\t\t\t<\/div>\n\t\t\t\t<\/div>\n\t\t\t\t\t<\/div>\n\t\t<\/div>\n\t\t\t\t<div class=\"elementor-column elementor-col-50 elementor-top-column elementor-element elementor-element-5501f2d8\" data-id=\"5501f2d8\" data-element_type=\"column\">\n\t\t\t<div class=\"elementor-widget-wrap elementor-element-populated\">\n\t\t\t\t\t\t<div class=\"elementor-element elementor-element-6cc3acf8 elementor-widget elementor-widget-image\" data-id=\"6cc3acf8\" data-element_type=\"widget\" data-widget_type=\"image.default\">\n\t\t\t\t<div class=\"elementor-widget-container\">\n\t\t\t\t\t\t\t\t\t\t\t\t\t<img decoding=\"async\" width=\"800\" height=\"643\" src=\"https:\/\/www.gencoglugrup.com\/wp-content\/uploads\/2024\/03\/Bir-alt-baslik-ekleyin-16-1-1024x823-1.jpg\" class=\"attachment-large size-large wp-image-227\" alt=\"\" srcset=\"https:\/\/www.gencoglugrup.com\/wp-content\/uploads\/2024\/03\/Bir-alt-baslik-ekleyin-16-1-1024x823-1.jpg 1024w, https:\/\/www.gencoglugrup.com\/wp-content\/uploads\/2024\/03\/Bir-alt-baslik-ekleyin-16-1-1024x823-1-300x241.jpg 300w, https:\/\/www.gencoglugrup.com\/wp-content\/uploads\/2024\/03\/Bir-alt-baslik-ekleyin-16-1-1024x823-1-768x617.jpg 768w\" sizes=\"(max-width: 800px) 100vw, 800px\" \/>\t\t\t\t\t\t\t\t\t\t\t\t\t<\/div>\n\t\t\t\t<\/div>\n\t\t\t\t\t<\/div>\n\t\t<\/div>\n\t\t\t\t\t<\/div>\n\t\t<\/section>\n\t\t\t\t<section class=\"elementor-section elementor-top-section elementor-element elementor-element-317e27c elementor-reverse-tablet elementor-section-boxed elementor-section-height-default elementor-section-height-default\" data-id=\"317e27c\" data-element_type=\"section\">\n\t\t\t\t\t\t<div class=\"elementor-container elementor-column-gap-default\">\n\t\t\t\t\t<div class=\"elementor-column elementor-col-50 elementor-top-column elementor-element elementor-element-71816e6\" data-id=\"71816e6\" data-element_type=\"column\">\n\t\t\t<div class=\"elementor-widget-wrap elementor-element-populated\">\n\t\t\t\t\t\t<div class=\"elementor-element elementor-element-eb70272 elementor-widget elementor-widget-image\" data-id=\"eb70272\" data-element_type=\"widget\" data-widget_type=\"image.default\">\n\t\t\t\t<div class=\"elementor-widget-container\">\n\t\t\t\t\t\t\t\t\t\t\t\t\t<img decoding=\"async\" width=\"800\" height=\"534\" src=\"https:\/\/www.gencoglugrup.com\/wp-content\/uploads\/2024\/03\/engagement-diamond-wedding-ring-group-on-white-background-diamond-golden-rings-1024x683.jpg\" class=\"attachment-large size-large wp-image-91\" alt=\"\" srcset=\"https:\/\/www.gencoglugrup.com\/wp-content\/uploads\/2024\/03\/engagement-diamond-wedding-ring-group-on-white-background-diamond-golden-rings-1024x683.jpg 1024w, https:\/\/www.gencoglugrup.com\/wp-content\/uploads\/2024\/03\/engagement-diamond-wedding-ring-group-on-white-background-diamond-golden-rings-300x200.jpg 300w, https:\/\/www.gencoglugrup.com\/wp-content\/uploads\/2024\/03\/engagement-diamond-wedding-ring-group-on-white-background-diamond-golden-rings-768x512.jpg 768w, https:\/\/www.gencoglugrup.com\/wp-content\/uploads\/2024\/03\/engagement-diamond-wedding-ring-group-on-white-background-diamond-golden-rings-1536x1025.jpg 1536w, https:\/\/www.gencoglugrup.com\/wp-content\/uploads\/2024\/03\/engagement-diamond-wedding-ring-group-on-white-background-diamond-golden-rings.jpg 2000w\" sizes=\"(max-width: 800px) 100vw, 800px\" \/>\t\t\t\t\t\t\t\t\t\t\t\t\t<\/div>\n\t\t\t\t<\/div>\n\t\t\t\t\t<\/div>\n\t\t<\/div>\n\t\t\t\t<div class=\"elementor-column elementor-col-50 elementor-top-column elementor-element elementor-element-a920a20\" data-id=\"a920a20\" data-element_type=\"column\">\n\t\t\t<div class=\"elementor-widget-wrap elementor-element-populated\">\n\t\t\t\t\t\t<div class=\"elementor-element elementor-element-428093b elementor-widget elementor-widget-heading\" data-id=\"428093b\" data-element_type=\"widget\" id=\"mir\" data-widget_type=\"heading.default\">\n\t\t\t\t<div class=\"elementor-widget-container\">\n\t\t\t<h6 class=\"elementor-heading-title elementor-size-default\">M\u00fccevherat\n<\/h6>\t\t<\/div>\n\t\t\t\t<\/div>\n\t\t\t\t<div class=\"elementor-element elementor-element-4bcafd4 elementor-widget elementor-widget-heading\" data-id=\"4bcafd4\" data-element_type=\"widget\" data-widget_type=\"heading.default\">\n\t\t\t\t<div class=\"elementor-widget-container\">\n\t\t\t<h2 class=\"elementor-heading-title elementor-size-default\">Mir<\/h2>\t\t<\/div>\n\t\t\t\t<\/div>\n\t\t\t\t<div class=\"elementor-element elementor-element-0d43060 elementor-widget elementor-widget-text-editor\" data-id=\"0d43060\" data-element_type=\"widget\" data-widget_type=\"text-editor.default\">\n\t\t\t\t<div class=\"elementor-widget-container\">\n\t\t\t\t\t\t\t<p>Mir, modern ve \u015f\u0131k tasar\u0131mlar\u0131yla dikkat \u00e7eken bir m\u00fccevher markas\u0131. Minimalist \u00e7izgiler ve zarif detaylarla donat\u0131lan Mir m\u00fccevherleri, sade ve sofistike bir tarza sahip olanlar\u0131n tercihi. Her bir par\u00e7ada zarafet ve sadeli\u011fi bir araya getirerek e\u015fsiz bir stil sunan Mir, \u015f\u0131kl\u0131\u011f\u0131n\u0131z\u0131 vurguluyor.<\/p>\t\t\t\t\t\t<\/div>\n\t\t\t\t<\/div>\n\t\t\t\t\t<\/div>\n\t\t<\/div>\n\t\t\t\t\t<\/div>\n\t\t<\/section>\n\t\t\t\t<section class=\"elementor-section elementor-top-section elementor-element elementor-element-dddc03c elementor-reverse-tablet elementor-section-boxed elementor-section-height-default elementor-section-height-default\" data-id=\"dddc03c\" data-element_type=\"section\">\n\t\t\t\t\t\t<div class=\"elementor-container elementor-column-gap-default\">\n\t\t\t\t\t<div class=\"elementor-column elementor-col-50 elementor-top-column elementor-element elementor-element-d14be22\" data-id=\"d14be22\" data-element_type=\"column\">\n\t\t\t<div class=\"elementor-widget-wrap elementor-element-populated\">\n\t\t\t\t\t\t<div class=\"elementor-element elementor-element-8368a71 elementor-widget elementor-widget-heading\" data-id=\"8368a71\" data-element_type=\"widget\" data-widget_type=\"heading.default\">\n\t\t\t\t<div class=\"elementor-widget-container\">\n\t\t\t<h6 class=\"elementor-heading-title elementor-size-default\">M\u00fccevherat\n<\/h6>\t\t<\/div>\n\t\t\t\t<\/div>\n\t\t\t\t<div class=\"elementor-element elementor-element-de0a571 elementor-widget elementor-widget-heading\" data-id=\"de0a571\" data-element_type=\"widget\" id=\"miorogold\" data-widget_type=\"heading.default\">\n\t\t\t\t<div class=\"elementor-widget-container\">\n\t\t\t<h2 class=\"elementor-heading-title elementor-size-default\">Mioro Gold<\/h2>\t\t<\/div>\n\t\t\t\t<\/div>\n\t\t\t\t<div class=\"elementor-element elementor-element-88440fa elementor-widget elementor-widget-text-editor\" data-id=\"88440fa\" data-element_type=\"widget\" data-widget_type=\"text-editor.default\">\n\t\t\t\t<div class=\"elementor-widget-container\">\n\t\t\t\t\t\t\t<p>Mioro Gold, alt\u0131n\u0131n e\u015fsiz g\u00fczelli\u011fini ve de\u011ferini m\u00fccevherlere yans\u0131tan bir markad\u0131r. Alt\u0131n ve de\u011ferli ta\u015flar\u0131n m\u00fckemmel uyumu Mioro Gold koleksiyonunu e\u015fsiz k\u0131l\u0131yor. Parlakl\u0131k, zarafet ve ihti\u015fam\u0131 bir araya getiren Mioro Gold, \u00f6zel anlar\u0131n\u0131zda size e\u015flik edecek e\u015fsiz par\u00e7alar sunuyor<\/p>\t\t\t\t\t\t<\/div>\n\t\t\t\t<\/div>\n\t\t\t\t\t<\/div>\n\t\t<\/div>\n\t\t\t\t<div class=\"elementor-column elementor-col-50 elementor-top-column elementor-element elementor-element-8f14f5b\" data-id=\"8f14f5b\" data-element_type=\"column\">\n\t\t\t<div class=\"elementor-widget-wrap elementor-element-populated\">\n\t\t\t\t\t\t<div class=\"elementor-element elementor-element-6ab714d elementor-widget elementor-widget-image\" data-id=\"6ab714d\" data-element_type=\"widget\" data-widget_type=\"image.default\">\n\t\t\t\t<div class=\"elementor-widget-container\">\n\t\t\t\t\t\t\t\t\t\t\t\t\t<img loading=\"lazy\" decoding=\"async\" width=\"800\" height=\"643\" src=\"https:\/\/www.gencoglugrup.com\/wp-content\/uploads\/2024\/03\/Adsiz-tasarim-23_page-0001-2048x1645-1-1024x823.jpg\" class=\"attachment-large size-large wp-image-178\" alt=\"\" srcset=\"https:\/\/www.gencoglugrup.com\/wp-content\/uploads\/2024\/03\/Adsiz-tasarim-23_page-0001-2048x1645-1-1024x823.jpg 1024w, https:\/\/www.gencoglugrup.com\/wp-content\/uploads\/2024\/03\/Adsiz-tasarim-23_page-0001-2048x1645-1-300x241.jpg 300w, https:\/\/www.gencoglugrup.com\/wp-content\/uploads\/2024\/03\/Adsiz-tasarim-23_page-0001-2048x1645-1-768x617.jpg 768w, https:\/\/www.gencoglugrup.com\/wp-content\/uploads\/2024\/03\/Adsiz-tasarim-23_page-0001-2048x1645-1-1536x1234.jpg 1536w, https:\/\/www.gencoglugrup.com\/wp-content\/uploads\/2024\/03\/Adsiz-tasarim-23_page-0001-2048x1645-1.jpg 2048w\" sizes=\"(max-width: 800px) 100vw, 800px\" \/>\t\t\t\t\t\t\t\t\t\t\t\t\t<\/div>\n\t\t\t\t<\/div>\n\t\t\t\t\t<\/div>\n\t\t<\/div>\n\t\t\t\t\t<\/div>\n\t\t<\/section>\n\t\t\t\t<section class=\"elementor-section elementor-top-section elementor-element elementor-element-19800bd elementor-reverse-tablet elementor-section-boxed elementor-section-height-default elementor-section-height-default\" data-id=\"19800bd\" data-element_type=\"section\">\n\t\t\t\t\t\t<div class=\"elementor-container elementor-column-gap-default\">\n\t\t\t\t\t<div class=\"elementor-column elementor-col-50 elementor-top-column elementor-element elementor-element-f079f49\" data-id=\"f079f49\" data-element_type=\"column\">\n\t\t\t<div class=\"elementor-widget-wrap elementor-element-populated\">\n\t\t\t\t\t\t<div class=\"elementor-element elementor-element-0ca439e elementor-widget elementor-widget-image\" data-id=\"0ca439e\" data-element_type=\"widget\" data-widget_type=\"image.default\">\n\t\t\t\t<div class=\"elementor-widget-container\">\n\t\t\t\t\t\t\t\t\t\t\t\t\t<img loading=\"lazy\" decoding=\"async\" width=\"696\" height=\"522\" src=\"https:\/\/www.gencoglugrup.com\/wp-content\/uploads\/2024\/03\/jewellery-casting-696x522-1.jpg\" class=\"attachment-large size-large wp-image-228\" alt=\"\" srcset=\"https:\/\/www.gencoglugrup.com\/wp-content\/uploads\/2024\/03\/jewellery-casting-696x522-1.jpg 696w, https:\/\/www.gencoglugrup.com\/wp-content\/uploads\/2024\/03\/jewellery-casting-696x522-1-300x225.jpg 300w\" sizes=\"(max-width: 696px) 100vw, 696px\" \/>\t\t\t\t\t\t\t\t\t\t\t\t\t<\/div>\n\t\t\t\t<\/div>\n\t\t\t\t\t<\/div>\n\t\t<\/div>\n\t\t\t\t<div class=\"elementor-column elementor-col-50 elementor-top-column elementor-element elementor-element-aed57e5\" data-id=\"aed57e5\" data-element_type=\"column\">\n\t\t\t<div class=\"elementor-widget-wrap elementor-element-populated\">\n\t\t\t\t\t\t<div class=\"elementor-element elementor-element-f196108 elementor-widget elementor-widget-heading\" data-id=\"f196108\" data-element_type=\"widget\" id=\"idealdokum\" data-widget_type=\"heading.default\">\n\t\t\t\t<div class=\"elementor-widget-container\">\n\t\t\t<h6 class=\"elementor-heading-title elementor-size-default\">M\u00fccevherat\n<\/h6>\t\t<\/div>\n\t\t\t\t<\/div>\n\t\t\t\t<div class=\"elementor-element elementor-element-b51ae9d elementor-widget elementor-widget-heading\" data-id=\"b51ae9d\" data-element_type=\"widget\" data-widget_type=\"heading.default\">\n\t\t\t\t<div class=\"elementor-widget-container\">\n\t\t\t<h2 class=\"elementor-heading-title elementor-size-default\">\u0130deal D\u00f6k\u00fcm\n<\/h2>\t\t<\/div>\n\t\t\t\t<\/div>\n\t\t\t\t<div class=\"elementor-element elementor-element-085a5c9 elementor-widget elementor-widget-text-editor\" data-id=\"085a5c9\" data-element_type=\"widget\" data-widget_type=\"text-editor.default\">\n\t\t\t\t<div class=\"elementor-widget-container\">\n\t\t\t\t\t\t\t<p>\u0130deal D\u00f6k\u00fcm, m\u00fccevherde kalite ve uzmanl\u0131\u011f\u0131n simgesidir. Kaliteli d\u00f6k\u00fcm i\u015f\u00e7ili\u011fi ve detayl\u0131 tasar\u0131mlar\u0131yla \u0130deal D\u00f6k\u00fcm, m\u00fccevher tutkunlar\u0131n\u0131n g\u00f6zdesi haline geldi. Her bir par\u00e7as\u0131 titizlikle i\u015flenen \u0130deal D\u00f6k\u00fcm m\u00fccevherleri, \u015f\u0131kl\u0131k ve kalite arayanlar\u0131n tercihi<\/p>\t\t\t\t\t\t<\/div>\n\t\t\t\t<\/div>\n\t\t\t\t\t<\/div>\n\t\t<\/div>\n\t\t\t\t\t<\/div>\n\t\t<\/section>\n\t\t\t\t<\/div>","protected":false},"excerpt":{"rendered":"<p>Home About Sustainability Fields of Business Contact X Jewellery Home Jewellery Jewellery Mioro Mioro is a symbol of elegance and luxury. Mioro offers unparalleled style and glamour with jewellery that is meticulously crafted in every detail. The skilful combination of precious stones and the finest metals creates an eye-catching look and impressive elegance in each [&hellip;]<\/p>","protected":false},"author":1,"featured_media":0,"parent":0,"menu_order":0,"comment_status":"closed","ping_status":"closed","template":"elementor_canvas","meta":{"footnotes":""},"class_list":["post-224","page","type-page","status-publish","hentry"],"_links":{"self":[{"href":"https:\/\/www.gencoglugrup.com\/tr\/wp-json\/wp\/v2\/pages\/224","targetHints":{"allow":["GET"]}}],"collection":[{"href":"https:\/\/www.gencoglugrup.com\/tr\/wp-json\/wp\/v2\/pages"}],"about":[{"href":"https:\/\/www.gencoglugrup.com\/tr\/wp-json\/wp\/v2\/types\/page"}],"author":[{"embeddable":true,"href":"https:\/\/www.gencoglugrup.com\/tr\/wp-json\/wp\/v2\/users\/1"}],"replies":[{"embeddable":true,"href":"https:\/\/www.gencoglugrup.com\/tr\/wp-json\/wp\/v2\/comments?post=224"}],"version-history":[{"count":4,"href":"https:\/\/www.gencoglugrup.com\/tr\/wp-json\/wp\/v2\/pages\/224\/revisions"}],"predecessor-version":[{"id":231,"href":"https:\/\/www.gencoglugrup.com\/tr\/wp-json\/wp\/v2\/pages\/224\/revisions\/231"}],"wp:attachment":[{"href":"https:\/\/www.gencoglugrup.com\/tr\/wp-json\/wp\/v2\/media?parent=224"}],"curies":[{"name":"wp","href":"https:\/\/api.w.org\/{rel}","templated":true}]}}